{"id":5662,"date":"2022-11-15T10:39:45","date_gmt":"2022-11-15T09:39:45","guid":{"rendered":"https:\/\/securitynet.eu\/privacy-policy\/"},"modified":"2025-02-10T15:28:25","modified_gmt":"2025-02-10T14:28:25","slug":"privacy-policy","status":"publish","type":"page","link":"https:\/\/securitynet.eu\/en\/privacy-policy\/","title":{"rendered":"Privacy Policy"},"content":{"rendered":"\n<p><strong>This Privacy and Cookie Policy (hereinafter referred to as \u201cPolicy\u201d) has been developed to provide special protection of personal data of this Service Users.<\/strong><\/p>\n\n<p><strong>I. General information<\/strong><\/p>\n\n<ol class=\"wp-block-list\">\n<li>The Administrator of the Service is C&amp;C Partners sp. z o.o. with its registered office in Leszno (64-100), ul. 17 Stycznia 119, 121, entered into the Register of Entrepreneurs of the National Court Register under the following number: 0000203531, with the following tax ID: 6970013242 and statistical identification number (REGON): 410024753. <\/li>\n\n\n\n<li>The Administrator of the Service is also the Controller of Personal Data of Users, gathered in connection with the use of the Service.<\/li>\n\n\n\n<li>If you have any questions concerning data processing and the rights that the User may exercise in connection with data processing, please contact the Administrator of the Service by e-mail: <a href=\"mailto:rodo@ccpartners.pl,\">rodo@ccpartners.pl<\/a>, or send a letter to the address above.<\/li>\n\n\n\n<li>If you think your right to data protection has been breached, you have the right lodge a complaint with the President of the Data Protection Office.<\/li>\n\n\n\n<li>The following definitions are used in this Policy:<\/li>\n\n\n\n<li>Service &#8211; the Internet service belonging to the Administrator of the Service, located at the following addresses: <a href=\"http:\/\/www.ccpartners.pl\">www.ccpartners.pl<\/a> and <a href=\"http:\/\/www.b2b-ccpartners.pl\">www<\/a>.b2b-ccpartners.pl;<\/li>\n\n\n\n<li>User (You) \u2013 an adult natural person using the Service who does not conduct business activity or uses the Service for purposes not associated with the business activity or is a self-employed natural person;<\/li>\n\n\n\n<li>GDPR \u2013 Regulation (EU) 2016\/679 of the European Parliament and of the Council of 27 April 2016 on the protection of natural persons with regard to the processing of personal data and on the free movement of such data, and repealing Directive 95\/46\/EC (OJ L 119, p. 1). <\/li>\n<\/ol>\n\n<p><strong>II. The purposes of data processing and the legal basis <\/strong><\/p>\n\n<p>User\u2019s personal data will only be processed for the following purposes:<\/p>\n\n<ol start=\"1\" class=\"wp-block-list\">\n<li><strong>to email the Company\u2019s Newsletter <\/strong>(containing in particular information related to the Company, its new products and its current offer) \u2013 the basis of the processing of your personal data will be our legitimate interest consisting in marketing communications, increasing sales and maintaining business relations (Article 6(1)(a) of GDPR);<\/li>\n\n\n\n<li><strong>to address a complaint or handle a service order or to inform you on the status of a service order \u2013<\/strong> the basis of the processing of your personal data will be our legitimate interest consisting in providing you with goods and services of the highest quality (Article 6(1)(f) of GDPR).<\/li>\n\n\n\n<li><strong>to answer your questions asked by means of the \u201cContact Form\u201d<\/strong>, which can be found in the Service tab \u2013 the basis of the processing of your personal data will be our legitimate interest consisting in the possibility to contact you directly, to answer your questions and to establish and maintain business relations (Article 6(1)(f) of GDPR);<\/li>\n\n\n\n<li><strong>to set up an individual account in the Extranet service available through our website <\/strong>\u2013 the basis of the processing of your personal data will be the agreement for the provision of a free account for you (Article 6(1)(b) of GDPR);<\/li>\n\n\n\n<li><strong>to conduct correspondence with you by email, fax or telephone <\/strong>\u2013 the basis of the processing of your personal data will be our legitimate interest consisting in the possibility to contact you directly, to answer your questions and to establish and maintain business relations (Article 6(1)(f) of GDPR);<\/li>\n\n\n\n<li><strong>to handle orders, execute co-operation, provide services and sell products offered by the Company<\/strong> \u2013 the basis of the processing of your personal data will be an agreement entered (Article 6(1)(b) of GDPR);<\/li>\n\n\n\n<li><strong>for financial and accounting purposes<\/strong> \u2013 the basis of the processing of your personal data will be the appropriate provisions of the tax and accounting law, in particular Article 74 of the Accounting Act (Article 6(1)(c) of GDPR); <\/li>\n\n\n\n<li><strong>to defend against claims and to seek redress \u2013<\/strong> the basis of the processing of your personal data will be our legitimate interest consisting in the possibility to defend against claims and pursue them (Article 6(1)(f) of GDPR);<\/li>\n\n\n\n<li><strong>to monitor persons entering the Company\u2019s property \u2013<\/strong> the basis of the processing of your personal data will be our legitimate interest consisting in the protection of the Company\u2019s property (Article 6(1)(f) of GDPR);<\/li>\n\n\n\n<li><strong>to recruit employees, i.e. to assess qualifications needed for the position applied for, including the skills and abilities of a given person, and to select the proper person for a given position <\/strong>\u2013 the basis for the processing of your personal data will be:\n<ul class=\"wp-block-list\">\n<li>your consent given on account of future recruitment processes;<\/li>\n\n\n\n<li>our legitimate interest as the controller (Article 6(1)(f) of GDPR) manifested in the willingness to select the appropriate person for a given position \u2013 the scope being the personal data provided to us during a job interview;<\/li>\n\n\n\n<li>your consent if the application documents (CV and cover letter) contain different personal information than mentioned above;<\/li>\n\n\n\n<li>Article 221(1) of the Labour Code \u2013 the scope including: name, surname, names of parents, date of birth, usual residence (address for correspondence), education and previous employment history; <\/li>\n<\/ul>\n<\/li>\n\n\n\n<li><strong>to profile your network traffic when visiting our sub-websites and viewing products in order to present a personalised commercial offer<\/strong> \u2013 the basis of the processing of your personal data will be our legitimate interest consisting in marketing communications, increasing sales and maintaining business relations (Article 6(1)(a) of GDPR).<\/li>\n<\/ol>\n\n<p><strong>III. Period of personal data processing <\/strong><\/p>\n\n<p>Your personal data will be processed for the above mentioned purposes for periods specified below. For:<\/p>\n\n<ol start=\"1\" class=\"wp-block-list\">\n<li>the Newsletter \u2013 until you withdraw your consent to receive it, and subsequently \u2013 for the statute of limitations period of any claims;<\/li>\n\n\n\n<li>notification of a complaint, service order or providing information on the status of a service order \u2013 for the period of 5 years from the conclusion and settlement of the agreement, and subsequently \u2013 for the statute of limitations period of any claims;<\/li>\n\n\n\n<li>question asked by means of the \u201cContact Form\u201d \u2013 until the final answer is given to the question, and subsequently \u2013 for the statute of limitations period of any claims;<\/li>\n\n\n\n<li>Extranet system account \u2013 for 5 years from the date the account is closed, and subsequently \u2013 for the statute of limitations period of any claims;<\/li>\n\n\n\n<li>email, fax or telephone correspondence with you \u2013 for the period necessary to maintain relations (e.g. exchange of correspondence), and after it stops \u2013 for 1 year;<\/li>\n\n\n\n<li>processing of orders, executing co-operation, provision of services and sales of products offered by the Company \u2013 for the period necessary to execute the above, and subsequently \u2013 for the statute of limitations period of any claims;<\/li>\n\n\n\n<li>financial and accounting matters \u2013 until the expiry of the obligatory data storage period specified by the tax and accounting regulations;<\/li>\n\n\n\n<li>defence against claims and seeking redress \u2013 until the expiry of their statute of limitations period;<\/li>\n\n\n\n<li>monitoring of persons entering the Company\u2019s property \u2013 for the period necessary to execute the purpose of protecting our property, and subsequently \u2013 for one month;<\/li>\n\n\n\n<li>recruitment of employees \u2013 for the period of one year from the conclusion of a given recruitment process, and if you give your consent for your data to be used in future recruitment processes \u2013 for the period of 2 years from the moment your personal data is collected;<\/li>\n\n\n\n<li>profiling of sub-websites visited and products viewed \u2013 until you withdraw your consent for the Controller to profile or process your personal data.<\/li>\n<\/ol>\n\n<p><strong>III. User rights <\/strong><\/p>\n\n<p>You have the right to:<\/p>\n\n<ol start=\"1\" class=\"wp-block-list\">\n<li>withdraw your consent to the processing of your personal data \u2013 the withdrawal of the consent will not affect the lawfulness of processing based on the consent before its withdrawal;<\/li>\n\n\n\n<li>access your personal data;<\/li>\n\n\n\n<li>request rectification of your personal data;<\/li>\n\n\n\n<li>request erasure of your personal data;<\/li>\n\n\n\n<li>request the restriction of processing of your personal data;<\/li>\n\n\n\n<li>object to the processing of your personal data in respect of your particular situation \u2013 in cases when the Controller processes the data on the basis of his legitimate interest;<\/li>\n\n\n\n<li>lodge a complaint with the President of the Data Protection Office.<\/li>\n<\/ol>\n\n<p>If you are a recipient of the Newsletter, you have the right to deactivate the service by sending an email saying \u201cOpt out\u201d to marketing@ccpartners.pl or by clicking the link included in the footer of every Newsletter.<\/p>\n\n<p><strong>IV. Additional information<\/strong><\/p>\n\n<ol class=\"wp-block-list\">\n<li>Providing personal data is voluntary, but it is necessary in view of the execution or purposes specified in point II. <\/li>\n\n\n\n<li>Your personal data will not be transferred outside of the European Economic Area, including to international organizations.<\/li>\n\n\n\n<li>Your personal data may be transferred to other entities that cooperate with the Controller on permanent basis, including to the organizations supporting us in the recruitment process and to hosting providers.<\/li>\n\n\n\n<li>Your personal data will not form the basis for automated decision-making, including profiling.<\/li>\n<\/ol>\n\n<p><strong>Cookie policy<\/strong><\/p>\n\n<ol class=\"wp-block-list\">\n<li>1. This Cookie Policy for <a href=\"http:\/\/www.securitynet.eu\">www.securityNET.eu<\/a> website (hereinafter referred to as \u201cWebsite\u201d) is meant for the Website users and it specifies the type, the scope and the ways of using cookies, as well as the rights and obligations of the Service Users.<\/li>\n\n\n\n<li>The Controller of the cookies is C&amp;C Partners sp. z o.o. with its registered office in Leszno (64-100), ul. 17 Stycznia 119, 121. <\/li>\n\n\n\n<li>Cookies are files sent to a computer or another device of the Service User while he\/she visits the Website. Cookies remember the preferences of a given User, which makes it possible to improve the quality of services, the search results and the relevance of information shown, as well as track preferences of the User. Cookies are used to identify the Service User and to correctly assign to him\/her historical data collected during his\/her previous visits to the Website. Cookies usually contain the name of the website they originate from, the time of their storage in the end device and a unique number.   <\/li>\n\n\n\n<li> When the Service User visits the Website, the following information is collected automatically:<\/li>\n\n\n\n<li>IP address;<\/li>\n\n\n\n<li>domain name;<\/li>\n\n\n\n<li>browser type;<\/li>\n\n\n\n<li>operating system type;<\/li>\n\n\n\n<li>user preferences concerning the offer of C&amp;C Partners Sp. z o.o.; <\/li>\n\n\n\n<li>data from filled-in forms or surveys.<\/li>\n<\/ol>\n\n<ul class=\"wp-block-list\">\n<li>The above information is collected to:<\/li>\n\n\n\n<li>ensure proper functioning, configuration, safety and reliability of the Website;<\/li>\n\n\n\n<li>adjust the contents of <a href=\"http:\/\/www.securitynet.eu\">www.securitynet.eu<\/a> website to individual preferences of the User and to optimize the use of <a href=\"http:\/\/www.securitynet.eu\">www.securitynet.eu<\/a> service<\/li>\n\n\n\n<li>examine characteristic behaviours of Users by analysing their actions (repeated site visits, keywords etc.) in order to create their profile and to provide them with advertising adjusted to their predicted interest, also when they visit other websites (remarketing);<\/li>\n\n\n\n<li>popularize www.securitynet.eu service through social media Facebook.com and LinkedIN.com<\/li>\n<\/ul>\n\n<p>The data may be collected by means of cookies, the Google Analytics system and the Web Beacon system, and they may be stored in server logs.<\/p>\n\n<ul class=\"wp-block-list\">\n<li>If the Service User does not wish to receive cookies, he\/she may change the settings of his\/her browser or the mechanism shared in the Service.<\/li>\n\n\n\n<li>The Service Administrator informs that the disabling of cookies necessary for authentication, security and the storage of preferences of the Service User may make it difficult, and \u2013 in extreme cases \u2013 impossible to use a given website.<\/li>\n\n\n\n<li>Two basic types of cookies are used in the Service: session cookies and persistent cookies. Session cookies are temporary files. They remain in the device of the Service User until he\/she logs out, leaves the website or exits the software (Internet browser). Persistent cookies remain in the end device of the Service User for the time specified in their parameters or until they are removed manually by the User.  <\/li>\n\n\n\n<li>Cookies are stored in the end device of the Service User and may be used by advertisers or partners co-operating with the Service Operator.<\/li>\n\n\n\n<li>The administrator of the cookies recommends that the User reads the Google Analytics privacy policy to familiarise himself\/herself with the terms of use of statistical cookies.<\/li>\n\n\n\n<li>Cookies may be used by advertising networks, in particular by the Google network, to show advertisements adjusted to the way the User uses the Service. To this end they may store information on the navigation path of the Service User or on the time the User spends in a given website. <\/li>\n\n\n\n<li>1. The Service User may view and edit information on his\/her preferences stored in cookies and collected by the Google advertising network by means of the following tool: <a href=\"https:\/\/www.google.com\/ads\/preferences\/\">https:\/\/www.google.com\/ads\/preferences\/<\/a>.<\/li>\n\n\n\n<li> Any questions related to this Cookie Policy should be sent to the Service Administrator by email: <a href=\"mailto:rodo@ccpartners.pl\">rodo@ccpartners.pl<\/a> or by letter to the address above.<\/li>\n\n\n\n<li>Rules specified in the Cookie Policy are governed by the Polish Law.<\/li>\n<\/ul>\n","protected":false},"excerpt":{"rendered":"<p>This Privacy and Cookie Policy (hereinafter referred to as \u201cPolicy\u201d) has been developed to provide special protection of personal data of this Service Users. I. General information II. The purposes of data processing and the legal basis User\u2019s personal data will only be processed for the following purposes: III. Period of personal data processing Your [&hellip;]<\/p>\n","protected":false},"author":1,"featured_media":0,"parent":0,"menu_order":0,"comment_status":"closed","ping_status":"closed","template":"","meta":{"_acf_changed":false,"inline_featured_image":false,"footnotes":""},"class_list":["post-5662","page","type-page","status-publish","hentry"],"acf":[],"yoast_head":"<!-- This site is optimized with the Yoast SEO plugin v27.5 - https:\/\/yoast.com\/product\/yoast-seo-wordpress\/ -->\n<title>Privacy Policy - securityNET<\/title>\n<meta name=\"robots\" content=\"index, follow, max-snippet:-1, max-image-preview:large, max-video-preview:-1\" \/>\n<link rel=\"canonical\" href=\"https:\/\/securitynet.eu\/en\/privacy-policy\/\" \/>\n<meta property=\"og:locale\" content=\"en_US\" \/>\n<meta property=\"og:type\" content=\"article\" \/>\n<meta property=\"og:title\" content=\"Privacy Policy - securityNET\" \/>\n<meta property=\"og:description\" content=\"This Privacy and Cookie Policy (hereinafter referred to as \u201cPolicy\u201d) has been developed to provide special protection of personal data of this Service Users. I. General information II. The purposes of data processing and the legal basis User\u2019s personal data will only be processed for the following purposes: III. Period of personal data processing Your [&hellip;]\" \/>\n<meta property=\"og:url\" content=\"https:\/\/securitynet.eu\/en\/privacy-policy\/\" \/>\n<meta property=\"og:site_name\" content=\"securityNET\" \/>\n<meta property=\"article:publisher\" content=\"https:\/\/www.facebook.com\/people\/Securityneteu\/100089584991899\/\" \/>\n<meta property=\"article:modified_time\" content=\"2025-02-10T14:28:25+00:00\" \/>\n<meta name=\"twitter:card\" content=\"summary_large_image\" \/>\n<meta name=\"twitter:label1\" content=\"Est. reading time\" \/>\n\t<meta name=\"twitter:data1\" content=\"10 minutes\" \/>\n<script type=\"application\/ld+json\" class=\"yoast-schema-graph\">{\"@context\":\"https:\\\/\\\/schema.org\",\"@graph\":[{\"@type\":\"WebPage\",\"@id\":\"https:\\\/\\\/securitynet.eu\\\/en\\\/privacy-policy\\\/\",\"url\":\"https:\\\/\\\/securitynet.eu\\\/en\\\/privacy-policy\\\/\",\"name\":\"Privacy Policy - securityNET\",\"isPartOf\":{\"@id\":\"https:\\\/\\\/securitynet.eu\\\/en\\\/#website\"},\"datePublished\":\"2022-11-15T09:39:45+00:00\",\"dateModified\":\"2025-02-10T14:28:25+00:00\",\"breadcrumb\":{\"@id\":\"https:\\\/\\\/securitynet.eu\\\/en\\\/privacy-policy\\\/#breadcrumb\"},\"inLanguage\":\"en-US\",\"potentialAction\":[{\"@type\":\"ReadAction\",\"target\":[\"https:\\\/\\\/securitynet.eu\\\/en\\\/privacy-policy\\\/\"]}]},{\"@type\":\"BreadcrumbList\",\"@id\":\"https:\\\/\\\/securitynet.eu\\\/en\\\/privacy-policy\\\/#breadcrumb\",\"itemListElement\":[{\"@type\":\"ListItem\",\"position\":1,\"name\":\"Strona g\u0142\u00f3wna\",\"item\":\"https:\\\/\\\/securitynet.eu\\\/en\\\/\"},{\"@type\":\"ListItem\",\"position\":2,\"name\":\"Privacy Policy\"}]},{\"@type\":\"WebSite\",\"@id\":\"https:\\\/\\\/securitynet.eu\\\/en\\\/#website\",\"url\":\"https:\\\/\\\/securitynet.eu\\\/en\\\/\",\"name\":\"securityNET\",\"description\":\"Jeste\u015bmy producentem okablowania, na kt\u00f3rym mo\u017cesz polega\u0107. Z nami zbudujesz sie\u0107 komputerow\u0105 i telekomunikacyjn\u0105, kt\u00f3ra b\u0119dzie nie tylko trwa\u0142a, ale tak\u017ce wygodna w instalacji. Robimy to po to, by u\u0142atwi\u0107 prac\u0119 Wam \u2014 instalatorom i elektrykom!\",\"publisher\":{\"@id\":\"https:\\\/\\\/securitynet.eu\\\/en\\\/#organization\"},\"potentialAction\":[{\"@type\":\"SearchAction\",\"target\":{\"@type\":\"EntryPoint\",\"urlTemplate\":\"https:\\\/\\\/securitynet.eu\\\/en\\\/?s={search_term_string}\"},\"query-input\":{\"@type\":\"PropertyValueSpecification\",\"valueRequired\":true,\"valueName\":\"search_term_string\"}}],\"inLanguage\":\"en-US\"},{\"@type\":\"Organization\",\"@id\":\"https:\\\/\\\/securitynet.eu\\\/en\\\/#organization\",\"name\":\"securityNET\",\"url\":\"https:\\\/\\\/securitynet.eu\\\/en\\\/\",\"logo\":{\"@type\":\"ImageObject\",\"inLanguage\":\"en-US\",\"@id\":\"https:\\\/\\\/securitynet.eu\\\/en\\\/#\\\/schema\\\/logo\\\/image\\\/\",\"url\":\"https:\\\/\\\/securitynet.eu\\\/wp-content\\\/uploads\\\/2022\\\/10\\\/logo.svg\",\"contentUrl\":\"https:\\\/\\\/securitynet.eu\\\/wp-content\\\/uploads\\\/2022\\\/10\\\/logo.svg\",\"width\":206,\"height\":29,\"caption\":\"securityNET\"},\"image\":{\"@id\":\"https:\\\/\\\/securitynet.eu\\\/en\\\/#\\\/schema\\\/logo\\\/image\\\/\"},\"sameAs\":[\"https:\\\/\\\/www.facebook.com\\\/people\\\/Securityneteu\\\/100089584991899\\\/\",\"https:\\\/\\\/www.youtube.com\\\/@CCPartnersSpzoo\",\"https:\\\/\\\/www.instagram.com\\\/securitynet.eu\\\/\"]}]}<\/script>\n<!-- \/ Yoast SEO plugin. -->","yoast_head_json":{"title":"Privacy Policy - securityNET","robots":{"index":"index","follow":"follow","max-snippet":"max-snippet:-1","max-image-preview":"max-image-preview:large","max-video-preview":"max-video-preview:-1"},"canonical":"https:\/\/securitynet.eu\/en\/privacy-policy\/","og_locale":"en_US","og_type":"article","og_title":"Privacy Policy - securityNET","og_description":"This Privacy and Cookie Policy (hereinafter referred to as \u201cPolicy\u201d) has been developed to provide special protection of personal data of this Service Users. I. General information II. The purposes of data processing and the legal basis User\u2019s personal data will only be processed for the following purposes: III. Period of personal data processing Your [&hellip;]","og_url":"https:\/\/securitynet.eu\/en\/privacy-policy\/","og_site_name":"securityNET","article_publisher":"https:\/\/www.facebook.com\/people\/Securityneteu\/100089584991899\/","article_modified_time":"2025-02-10T14:28:25+00:00","twitter_card":"summary_large_image","twitter_misc":{"Est. reading time":"10 minutes"},"schema":{"@context":"https:\/\/schema.org","@graph":[{"@type":"WebPage","@id":"https:\/\/securitynet.eu\/en\/privacy-policy\/","url":"https:\/\/securitynet.eu\/en\/privacy-policy\/","name":"Privacy Policy - securityNET","isPartOf":{"@id":"https:\/\/securitynet.eu\/en\/#website"},"datePublished":"2022-11-15T09:39:45+00:00","dateModified":"2025-02-10T14:28:25+00:00","breadcrumb":{"@id":"https:\/\/securitynet.eu\/en\/privacy-policy\/#breadcrumb"},"inLanguage":"en-US","potentialAction":[{"@type":"ReadAction","target":["https:\/\/securitynet.eu\/en\/privacy-policy\/"]}]},{"@type":"BreadcrumbList","@id":"https:\/\/securitynet.eu\/en\/privacy-policy\/#breadcrumb","itemListElement":[{"@type":"ListItem","position":1,"name":"Strona g\u0142\u00f3wna","item":"https:\/\/securitynet.eu\/en\/"},{"@type":"ListItem","position":2,"name":"Privacy Policy"}]},{"@type":"WebSite","@id":"https:\/\/securitynet.eu\/en\/#website","url":"https:\/\/securitynet.eu\/en\/","name":"securityNET","description":"Jeste\u015bmy producentem okablowania, na kt\u00f3rym mo\u017cesz polega\u0107. Z nami zbudujesz sie\u0107 komputerow\u0105 i telekomunikacyjn\u0105, kt\u00f3ra b\u0119dzie nie tylko trwa\u0142a, ale tak\u017ce wygodna w instalacji. Robimy to po to, by u\u0142atwi\u0107 prac\u0119 Wam \u2014 instalatorom i elektrykom!","publisher":{"@id":"https:\/\/securitynet.eu\/en\/#organization"},"potentialAction":[{"@type":"SearchAction","target":{"@type":"EntryPoint","urlTemplate":"https:\/\/securitynet.eu\/en\/?s={search_term_string}"},"query-input":{"@type":"PropertyValueSpecification","valueRequired":true,"valueName":"search_term_string"}}],"inLanguage":"en-US"},{"@type":"Organization","@id":"https:\/\/securitynet.eu\/en\/#organization","name":"securityNET","url":"https:\/\/securitynet.eu\/en\/","logo":{"@type":"ImageObject","inLanguage":"en-US","@id":"https:\/\/securitynet.eu\/en\/#\/schema\/logo\/image\/","url":"https:\/\/securitynet.eu\/wp-content\/uploads\/2022\/10\/logo.svg","contentUrl":"https:\/\/securitynet.eu\/wp-content\/uploads\/2022\/10\/logo.svg","width":206,"height":29,"caption":"securityNET"},"image":{"@id":"https:\/\/securitynet.eu\/en\/#\/schema\/logo\/image\/"},"sameAs":["https:\/\/www.facebook.com\/people\/Securityneteu\/100089584991899\/","https:\/\/www.youtube.com\/@CCPartnersSpzoo","https:\/\/www.instagram.com\/securitynet.eu\/"]}]}},"_links":{"self":[{"href":"https:\/\/securitynet.eu\/en\/wp-json\/wp\/v2\/pages\/5662","targetHints":{"allow":["GET"]}}],"collection":[{"href":"https:\/\/securitynet.eu\/en\/wp-json\/wp\/v2\/pages"}],"about":[{"href":"https:\/\/securitynet.eu\/en\/wp-json\/wp\/v2\/types\/page"}],"author":[{"embeddable":true,"href":"https:\/\/securitynet.eu\/en\/wp-json\/wp\/v2\/users\/1"}],"replies":[{"embeddable":true,"href":"https:\/\/securitynet.eu\/en\/wp-json\/wp\/v2\/comments?post=5662"}],"version-history":[{"count":1,"href":"https:\/\/securitynet.eu\/en\/wp-json\/wp\/v2\/pages\/5662\/revisions"}],"predecessor-version":[{"id":5663,"href":"https:\/\/securitynet.eu\/en\/wp-json\/wp\/v2\/pages\/5662\/revisions\/5663"}],"wp:attachment":[{"href":"https:\/\/securitynet.eu\/en\/wp-json\/wp\/v2\/media?parent=5662"}],"curies":[{"name":"wp","href":"https:\/\/api.w.org\/{rel}","templated":true}]}}