{"id":5251,"date":"2022-11-14T11:04:01","date_gmt":"2022-11-14T10:04:01","guid":{"rendered":"https:\/\/securitynet.eu\/product-categories\/"},"modified":"2025-04-07T11:08:54","modified_gmt":"2025-04-07T09:08:54","slug":"product-categories","status":"publish","type":"page","link":"https:\/\/securitynet.eu\/en\/product-categories\/","title":{"rendered":"Product Categories"},"content":{"rendered":"","protected":false},"excerpt":{"rendered":"","protected":false},"author":1,"featured_media":0,"parent":0,"menu_order":0,"comment_status":"closed","ping_status":"closed","template":"kategorie-produktow.php","meta":{"_acf_changed":false,"inline_featured_image":false,"footnotes":""},"class_list":["post-5251","page","type-page","status-publish","hentry"],"acf":[],"yoast_head":"<!-- This site is optimized with the Yoast SEO plugin v27.3 - https:\/\/yoast.com\/product\/yoast-seo-wordpress\/ -->\n<title>Product Categories - securityNET<\/title>\n<meta name=\"robots\" content=\"index, follow, max-snippet:-1, max-image-preview:large, max-video-preview:-1\" \/>\n<link rel=\"canonical\" href=\"https:\/\/securitynet.eu\/en\/product-categories\/\" \/>\n<meta property=\"og:locale\" content=\"en_US\" \/>\n<meta property=\"og:type\" content=\"article\" \/>\n<meta property=\"og:title\" content=\"Product Categories - securityNET\" \/>\n<meta property=\"og:url\" content=\"https:\/\/securitynet.eu\/en\/product-categories\/\" \/>\n<meta property=\"og:site_name\" content=\"securityNET\" \/>\n<meta property=\"article:publisher\" content=\"https:\/\/www.facebook.com\/people\/Securityneteu\/100089584991899\/\" \/>\n<meta property=\"article:modified_time\" content=\"2025-04-07T09:08:54+00:00\" \/>\n<meta name=\"twitter:card\" content=\"summary_large_image\" \/>\n<script type=\"application\/ld+json\" class=\"yoast-schema-graph\">{\"@context\":\"https:\\\/\\\/schema.org\",\"@graph\":[{\"@type\":\"WebPage\",\"@id\":\"https:\\\/\\\/securitynet.eu\\\/en\\\/product-categories\\\/\",\"url\":\"https:\\\/\\\/securitynet.eu\\\/en\\\/product-categories\\\/\",\"name\":\"Product Categories - securityNET\",\"isPartOf\":{\"@id\":\"https:\\\/\\\/securitynet.eu\\\/en\\\/#website\"},\"datePublished\":\"2022-11-14T10:04:01+00:00\",\"dateModified\":\"2025-04-07T09:08:54+00:00\",\"breadcrumb\":{\"@id\":\"https:\\\/\\\/securitynet.eu\\\/en\\\/product-categories\\\/#breadcrumb\"},\"inLanguage\":\"en-US\",\"potentialAction\":[{\"@type\":\"ReadAction\",\"target\":[\"https:\\\/\\\/securitynet.eu\\\/en\\\/product-categories\\\/\"]}]},{\"@type\":\"BreadcrumbList\",\"@id\":\"https:\\\/\\\/securitynet.eu\\\/en\\\/product-categories\\\/#breadcrumb\",\"itemListElement\":[{\"@type\":\"ListItem\",\"position\":1,\"name\":\"Strona g\u0142\u00f3wna\",\"item\":\"https:\\\/\\\/securitynet.eu\\\/en\\\/\"},{\"@type\":\"ListItem\",\"position\":2,\"name\":\"Product Categories\"}]},{\"@type\":\"WebSite\",\"@id\":\"https:\\\/\\\/securitynet.eu\\\/en\\\/#website\",\"url\":\"https:\\\/\\\/securitynet.eu\\\/en\\\/\",\"name\":\"securityNET\",\"description\":\"Jeste\u015bmy producentem okablowania, na kt\u00f3rym mo\u017cesz polega\u0107. Z nami zbudujesz sie\u0107 komputerow\u0105 i telekomunikacyjn\u0105, kt\u00f3ra b\u0119dzie nie tylko trwa\u0142a, ale tak\u017ce wygodna w instalacji. Robimy to po to, by u\u0142atwi\u0107 prac\u0119 Wam \u2014 instalatorom i elektrykom!\",\"publisher\":{\"@id\":\"https:\\\/\\\/securitynet.eu\\\/en\\\/#organization\"},\"potentialAction\":[{\"@type\":\"SearchAction\",\"target\":{\"@type\":\"EntryPoint\",\"urlTemplate\":\"https:\\\/\\\/securitynet.eu\\\/en\\\/?s={search_term_string}\"},\"query-input\":{\"@type\":\"PropertyValueSpecification\",\"valueRequired\":true,\"valueName\":\"search_term_string\"}}],\"inLanguage\":\"en-US\"},{\"@type\":\"Organization\",\"@id\":\"https:\\\/\\\/securitynet.eu\\\/en\\\/#organization\",\"name\":\"securityNET\",\"url\":\"https:\\\/\\\/securitynet.eu\\\/en\\\/\",\"logo\":{\"@type\":\"ImageObject\",\"inLanguage\":\"en-US\",\"@id\":\"https:\\\/\\\/securitynet.eu\\\/en\\\/#\\\/schema\\\/logo\\\/image\\\/\",\"url\":\"https:\\\/\\\/securitynet.eu\\\/wp-content\\\/uploads\\\/2022\\\/10\\\/logo.svg\",\"contentUrl\":\"https:\\\/\\\/securitynet.eu\\\/wp-content\\\/uploads\\\/2022\\\/10\\\/logo.svg\",\"width\":206,\"height\":29,\"caption\":\"securityNET\"},\"image\":{\"@id\":\"https:\\\/\\\/securitynet.eu\\\/en\\\/#\\\/schema\\\/logo\\\/image\\\/\"},\"sameAs\":[\"https:\\\/\\\/www.facebook.com\\\/people\\\/Securityneteu\\\/100089584991899\\\/\",\"https:\\\/\\\/www.youtube.com\\\/@CCPartnersSpzoo\",\"https:\\\/\\\/www.instagram.com\\\/securitynet.eu\\\/\"]}]}<\/script>\n<!-- \/ Yoast SEO plugin. -->","yoast_head_json":{"title":"Product Categories - securityNET","robots":{"index":"index","follow":"follow","max-snippet":"max-snippet:-1","max-image-preview":"max-image-preview:large","max-video-preview":"max-video-preview:-1"},"canonical":"https:\/\/securitynet.eu\/en\/product-categories\/","og_locale":"en_US","og_type":"article","og_title":"Product Categories - securityNET","og_url":"https:\/\/securitynet.eu\/en\/product-categories\/","og_site_name":"securityNET","article_publisher":"https:\/\/www.facebook.com\/people\/Securityneteu\/100089584991899\/","article_modified_time":"2025-04-07T09:08:54+00:00","twitter_card":"summary_large_image","schema":{"@context":"https:\/\/schema.org","@graph":[{"@type":"WebPage","@id":"https:\/\/securitynet.eu\/en\/product-categories\/","url":"https:\/\/securitynet.eu\/en\/product-categories\/","name":"Product Categories - securityNET","isPartOf":{"@id":"https:\/\/securitynet.eu\/en\/#website"},"datePublished":"2022-11-14T10:04:01+00:00","dateModified":"2025-04-07T09:08:54+00:00","breadcrumb":{"@id":"https:\/\/securitynet.eu\/en\/product-categories\/#breadcrumb"},"inLanguage":"en-US","potentialAction":[{"@type":"ReadAction","target":["https:\/\/securitynet.eu\/en\/product-categories\/"]}]},{"@type":"BreadcrumbList","@id":"https:\/\/securitynet.eu\/en\/product-categories\/#breadcrumb","itemListElement":[{"@type":"ListItem","position":1,"name":"Strona g\u0142\u00f3wna","item":"https:\/\/securitynet.eu\/en\/"},{"@type":"ListItem","position":2,"name":"Product Categories"}]},{"@type":"WebSite","@id":"https:\/\/securitynet.eu\/en\/#website","url":"https:\/\/securitynet.eu\/en\/","name":"securityNET","description":"Jeste\u015bmy producentem okablowania, na kt\u00f3rym mo\u017cesz polega\u0107. Z nami zbudujesz sie\u0107 komputerow\u0105 i telekomunikacyjn\u0105, kt\u00f3ra b\u0119dzie nie tylko trwa\u0142a, ale tak\u017ce wygodna w instalacji. Robimy to po to, by u\u0142atwi\u0107 prac\u0119 Wam \u2014 instalatorom i elektrykom!","publisher":{"@id":"https:\/\/securitynet.eu\/en\/#organization"},"potentialAction":[{"@type":"SearchAction","target":{"@type":"EntryPoint","urlTemplate":"https:\/\/securitynet.eu\/en\/?s={search_term_string}"},"query-input":{"@type":"PropertyValueSpecification","valueRequired":true,"valueName":"search_term_string"}}],"inLanguage":"en-US"},{"@type":"Organization","@id":"https:\/\/securitynet.eu\/en\/#organization","name":"securityNET","url":"https:\/\/securitynet.eu\/en\/","logo":{"@type":"ImageObject","inLanguage":"en-US","@id":"https:\/\/securitynet.eu\/en\/#\/schema\/logo\/image\/","url":"https:\/\/securitynet.eu\/wp-content\/uploads\/2022\/10\/logo.svg","contentUrl":"https:\/\/securitynet.eu\/wp-content\/uploads\/2022\/10\/logo.svg","width":206,"height":29,"caption":"securityNET"},"image":{"@id":"https:\/\/securitynet.eu\/en\/#\/schema\/logo\/image\/"},"sameAs":["https:\/\/www.facebook.com\/people\/Securityneteu\/100089584991899\/","https:\/\/www.youtube.com\/@CCPartnersSpzoo","https:\/\/www.instagram.com\/securitynet.eu\/"]}]}},"_links":{"self":[{"href":"https:\/\/securitynet.eu\/en\/wp-json\/wp\/v2\/pages\/5251","targetHints":{"allow":["GET"]}}],"collection":[{"href":"https:\/\/securitynet.eu\/en\/wp-json\/wp\/v2\/pages"}],"about":[{"href":"https:\/\/securitynet.eu\/en\/wp-json\/wp\/v2\/types\/page"}],"author":[{"embeddable":true,"href":"https:\/\/securitynet.eu\/en\/wp-json\/wp\/v2\/users\/1"}],"replies":[{"embeddable":true,"href":"https:\/\/securitynet.eu\/en\/wp-json\/wp\/v2\/comments?post=5251"}],"version-history":[{"count":1,"href":"https:\/\/securitynet.eu\/en\/wp-json\/wp\/v2\/pages\/5251\/revisions"}],"predecessor-version":[{"id":5954,"href":"https:\/\/securitynet.eu\/en\/wp-json\/wp\/v2\/pages\/5251\/revisions\/5954"}],"wp:attachment":[{"href":"https:\/\/securitynet.eu\/en\/wp-json\/wp\/v2\/media?parent=5251"}],"curies":[{"name":"wp","href":"https:\/\/api.w.org\/{rel}","templated":true}]}}